{"id":2613,"date":"2024-01-24T13:04:53","date_gmt":"2024-01-24T13:04:53","guid":{"rendered":"https:\/\/turna.com.tr\/katalog-sayinlar\/"},"modified":"2024-07-27T19:10:35","modified_gmt":"2024-07-27T19:10:35","slug":"catalog","status":"publish","type":"page","link":"https:\/\/turna.com.tr\/en\/catalog\/","title":{"rendered":"Catalog"},"content":{"rendered":"<p><div class=\"fusion-fullwidth fullwidth-box fusion-builder-row-1 fusion-flex-container has-pattern-background has-mask-background nonhundred-percent-fullwidth non-hundred-percent-height-scrolling\" style=\"--awb-border-radius-top-left:0px;--awb-border-radius-top-right:0px;--awb-border-radius-bottom-right:0px;--awb-border-radius-bottom-left:0px;--awb-background-image:linear-gradient(174deg, var(--awb-color1) 52%,var(--awb-color1) 52%);--awb-flex-wrap:wrap;\" ><div class=\"fusion-builder-row fusion-row fusion-flex-align-items-flex-start fusion-flex-content-wrap\" style=\"max-width:83.2%;margin-left: calc(-4% \/ 2 );margin-right: calc(-4% \/ 2 );\"><div class=\"fusion-layout-column fusion_builder_column fusion-builder-column-0 fusion_builder_column_1_1 1_1 fusion-flex-column\" style=\"--awb-bg-size:cover;--awb-width-large:100%;--awb-margin-top-large:20px;--awb-spacing-right-large:1.92%;--awb-margin-bottom-large:20px;--awb-spacing-left-large:1.92%;--awb-width-medium:100%;--awb-order-medium:0;--awb-spacing-right-medium:1.92%;--awb-spacing-left-medium:1.92%;--awb-width-small:100%;--awb-order-small:0;--awb-spacing-right-small:1.92%;--awb-spacing-left-small:1.92%;\"><div class=\"fusion-column-wrapper fusion-column-has-shadow fusion-flex-justify-content-flex-start fusion-content-layout-column\"><a class=\"fusion-modal-text-link\" href=\"#\"><div class=\"_df_book df-lite\" id=\"df_2092\"  data-title=\"katalog\" _slug=\"2092\" wpoptions=\"true\" thumbtype=\"\" ><\/div><script class=\"df-shortcode-script\" type=\"application\/javascript\">window.option_df_2092 = {\"outline\":[],\"backgroundColor\":\"#ffffff\",\"autoEnableOutline\":\"false\",\"autoEnableThumbnail\":\"false\",\"overwritePDFOutline\":\"false\",\"direction\":\"1\",\"pageSize\":\"0\",\"source\":\"https:\\\/\\\/turna.com.tr\\\/wp-content\\\/uploads\\\/2024\\\/04\\\/turna-ihracat-katalog.pdf\",\"wpOptions\":\"true\"}; if(window.DFLIP && window.DFLIP.parseBooks){window.DFLIP.parseBooks();}<\/script>\n<\/a><\/div><\/div><\/div><\/div><div class=\"fusion-fullwidth fullwidth-box fusion-builder-row-2 fusion-flex-container nonhundred-percent-fullwidth non-hundred-percent-height-scrolling\" style=\"--awb-border-radius-top-left:0px;--awb-border-radius-top-right:0px;--awb-border-radius-bottom-right:0px;--awb-border-radius-bottom-left:0px;--awb-padding-top:0%;--awb-margin-top-small:0px;--awb-background-image:linear-gradient(174deg, var(--awb-color1) 52%,var(--awb-color1) 52%);--awb-flex-wrap:wrap;\" ><div class=\"fusion-builder-row fusion-row fusion-flex-align-items-flex-start fusion-flex-content-wrap\" style=\"max-width:83.2%;margin-left: calc(-4% \/ 2 );margin-right: calc(-4% \/ 2 );\"><div class=\"fusion-layout-column fusion_builder_column fusion-builder-column-1 fusion_builder_column_1_1 1_1 fusion-flex-column fusion-animated\" style=\"--awb-bg-blend:overlay;--awb-bg-size:cover;--awb-width-large:100%;--awb-margin-top-large:20px;--awb-spacing-right-large:10.56%;--awb-margin-bottom-large:0px;--awb-spacing-left-large:10.56%;--awb-width-medium:100%;--awb-spacing-right-medium:1.92%;--awb-spacing-left-medium:1.92%;--awb-width-small:100%;--awb-spacing-right-small:1.92%;--awb-spacing-left-small:1.92%;\" data-animationType=\"fadeInDown\" data-animationDuration=\"0.8\" data-animationOffset=\"top-into-view\"><div class=\"fusion-column-wrapper fusion-column-has-shadow fusion-flex-justify-content-flex-start fusion-content-layout-column\"><div class=\"fusion-title title fusion-title-1 fusion-sep-none fusion-title-text fusion-title-size-two\" style=\"--awb-font-size:20px;\"><h2 class=\"fusion-title-heading title-heading-left fusion-responsive-typography-calculated\" style=\"margin:0;font-size:1em;--fontSize:20;--minFontSize:20;line-height:1.28;\">Contact Form<\/h2><\/div><div class=\"fusion-form fusion-form-builder fusion-form-form-wrapper fusion-form-2713\" style=\"--awb-tooltip-text-color:#ffffff;--awb-tooltip-background-color:#333333;\" data-form-id=\"2713\" data-config=\"{&quot;form_id&quot;:2713,&quot;form_post_id&quot;:2713,&quot;post_id&quot;:2613,&quot;form_type&quot;:&quot;ajax&quot;,&quot;confirmation_type&quot;:&quot;message&quot;,&quot;redirect_url&quot;:&quot;&quot;,&quot;field_labels&quot;:{&quot;first_name&quot;:&quot;Name&quot;,&quot;last_name&quot;:&quot;Surname&quot;,&quot;email_address&quot;:&quot;Email&quot;,&quot;phone_number&quot;:&quot;Phone&quot;,&quot;message&quot;:&quot;Your Message&quot;},&quot;field_logics&quot;:{&quot;first_name&quot;:&quot;&quot;,&quot;last_name&quot;:&quot;&quot;,&quot;email_address&quot;:&quot;&quot;,&quot;phone_number&quot;:&quot;&quot;,&quot;message&quot;:&quot;&quot;,&quot;notice_1&quot;:&quot;&quot;},&quot;field_types&quot;:{&quot;first_name&quot;:&quot;text&quot;,&quot;last_name&quot;:&quot;text&quot;,&quot;email_address&quot;:&quot;email&quot;,&quot;phone_number&quot;:&quot;phone_number&quot;,&quot;message&quot;:&quot;textarea&quot;,&quot;hypot_field&quot;:&quot;honeypot&quot;,&quot;submit_1&quot;:&quot;submit&quot;,&quot;notice_1&quot;:&quot;notice&quot;},&quot;nonce_method&quot;:&quot;ajax&quot;}\"><form action=\"https:\/\/turna.com.tr\/en\/catalog\/\" method=\"post\" class=\"fusion-form fusion-form-2713\"><div class=\"fusion-fullwidth fullwidth-box fusion-builder-row-2-1 fusion-flex-container nonhundred-percent-fullwidth non-hundred-percent-height-scrolling\" style=\"--awb-border-radius-top-left:0px;--awb-border-radius-top-right:0px;--awb-border-radius-bottom-right:0px;--awb-border-radius-bottom-left:0px;--awb-padding-top:0px;--awb-padding-right:0px;--awb-padding-bottom:0px;--awb-padding-left:0px;--awb-flex-wrap:wrap;\" ><div class=\"fusion-builder-row fusion-row fusion-flex-align-items-flex-start fusion-flex-content-wrap\" style=\"width:104% !important;max-width:104% !important;margin-left: calc(-4% \/ 2 );margin-right: calc(-4% \/ 2 );\"><div class=\"fusion-layout-column fusion_builder_column fusion-builder-column-2 fusion_builder_column_1_2 1_2 fusion-flex-column\" style=\"--awb-bg-size:cover;--awb-width-large:50%;--awb-margin-top-large:6px;--awb-spacing-right-large:3.84%;--awb-margin-bottom-large:0px;--awb-spacing-left-large:0%;--awb-width-medium:100%;--awb-order-medium:0;--awb-margin-top-medium:0px;--awb-spacing-right-medium:0%;--awb-spacing-left-medium:0%;--awb-width-small:100%;--awb-order-small:0;--awb-margin-top-small:0px;--awb-spacing-right-small:0%;--awb-spacing-left-small:0%;\"><div class=\"fusion-column-wrapper fusion-column-has-shadow fusion-flex-justify-content-flex-start fusion-content-layout-column\"><div class=\"fusion-form-field fusion-form-text-field fusion-form-label-above\" style=\"\" data-form-id=\"2713\"><div class=\"fusion-form-label-wrapper\"><label for=\"first_name\">Name <abbr class=\"fusion-form-element-required\" title=\"required\">*<\/abbr><\/label><\/div><input type=\"text\" name=\"first_name\" id=\"first_name\" value=\"\"  class=\"fusion-form-input\" required=\"true\" aria-required=\"true\" data-holds-private-data=\"false\" minlength=\"0\"\/><\/div><\/div><\/div><div class=\"fusion-layout-column fusion_builder_column fusion-builder-column-3 fusion_builder_column_1_2 1_2 fusion-flex-column\" style=\"--awb-bg-size:cover;--awb-width-large:50%;--awb-margin-top-large:6px;--awb-spacing-right-large:0%;--awb-margin-bottom-large:0px;--awb-spacing-left-large:3.84%;--awb-width-medium:100%;--awb-order-medium:0;--awb-margin-top-medium:0px;--awb-spacing-right-medium:0%;--awb-spacing-left-medium:0%;--awb-width-small:100%;--awb-order-small:0;--awb-margin-top-small:0px;--awb-spacing-right-small:0%;--awb-spacing-left-small:0%;\"><div class=\"fusion-column-wrapper fusion-column-has-shadow fusion-flex-justify-content-flex-start fusion-content-layout-column\"><div class=\"fusion-form-field fusion-form-text-field fusion-form-label-above\" style=\"\" data-form-id=\"2713\"><div class=\"fusion-form-label-wrapper\"><label for=\"last_name\">Surname <abbr class=\"fusion-form-element-required\" title=\"required\">*<\/abbr><\/label><\/div><input type=\"text\" name=\"last_name\" id=\"last_name\" value=\"\"  class=\"fusion-form-input\" required=\"true\" aria-required=\"true\" data-holds-private-data=\"false\" minlength=\"0\"\/><\/div><\/div><\/div><div class=\"fusion-layout-column fusion_builder_column fusion-builder-column-4 fusion_builder_column_1_2 1_2 fusion-flex-column\" style=\"--awb-bg-size:cover;--awb-width-large:50%;--awb-margin-top-large:6px;--awb-spacing-right-large:3.84%;--awb-margin-bottom-large:0px;--awb-spacing-left-large:0%;--awb-width-medium:100%;--awb-order-medium:0;--awb-margin-top-medium:0px;--awb-spacing-right-medium:0%;--awb-spacing-left-medium:0%;--awb-width-small:100%;--awb-order-small:0;--awb-margin-top-small:0px;--awb-spacing-right-small:0%;--awb-spacing-left-small:0%;\"><div class=\"fusion-column-wrapper fusion-column-has-shadow fusion-flex-justify-content-flex-start fusion-content-layout-column\"><div class=\"fusion-form-field fusion-form-email-field fusion-form-label-above\" style=\"\" data-form-id=\"2713\"><div class=\"fusion-form-label-wrapper\"><label for=\"email_address\">Email <abbr class=\"fusion-form-element-required\" title=\"required\">*<\/abbr><\/label><\/div><input type=\"email\" name=\"email_address\" id=\"email_address\" value=\"\"  class=\"fusion-form-input\" required=\"true\" aria-required=\"true\" data-holds-private-data=\"false\"\/><\/div><\/div><\/div><div class=\"fusion-layout-column fusion_builder_column fusion-builder-column-5 fusion_builder_column_1_2 1_2 fusion-flex-column\" style=\"--awb-bg-size:cover;--awb-width-large:50%;--awb-margin-top-large:6px;--awb-spacing-right-large:0%;--awb-margin-bottom-large:0px;--awb-spacing-left-large:3.84%;--awb-width-medium:100%;--awb-order-medium:0;--awb-margin-top-medium:0px;--awb-spacing-right-medium:0%;--awb-spacing-left-medium:0%;--awb-width-small:100%;--awb-order-small:0;--awb-margin-top-small:0px;--awb-spacing-right-small:0%;--awb-spacing-left-small:0%;\"><div class=\"fusion-column-wrapper fusion-column-has-shadow fusion-flex-justify-content-flex-start fusion-content-layout-column\"><div class=\"fusion-form-field fusion-form-phone-number-field fusion-form-label-above\" style=\"\" data-form-id=\"2713\"><div class=\"fusion-form-label-wrapper\"><label for=\"phone_number\">Phone <abbr class=\"fusion-form-element-required\" title=\"required\">*<\/abbr><\/label><\/div><input type=\"tel\" name=\"phone_number\" id=\"phone_number\" value=\"\"  class=\"fusion-form-input\" required=\"true\" aria-required=\"true\" data-holds-private-data=\"false\"\/><\/div><\/div><\/div><div class=\"fusion-layout-column fusion_builder_column fusion-builder-column-6 fusion_builder_column_1_1 1_1 fusion-flex-column\" style=\"--awb-bg-size:cover;--awb-width-large:100%;--awb-margin-top-large:6px;--awb-spacing-right-large:0%;--awb-margin-bottom-large:12px;--awb-spacing-left-large:0%;--awb-width-medium:100%;--awb-order-medium:0;--awb-margin-top-medium:0px;--awb-spacing-right-medium:0%;--awb-spacing-left-medium:0%;--awb-width-small:100%;--awb-order-small:0;--awb-margin-top-small:0px;--awb-spacing-right-small:0%;--awb-spacing-left-small:0%;\"><div class=\"fusion-column-wrapper fusion-column-has-shadow fusion-flex-justify-content-flex-start fusion-content-layout-column\"><div class=\"fusion-form-field fusion-form-textarea-field fusion-form-label-above\" style=\"\" data-form-id=\"2713\"><label for=\"message\">Your Message<\/label><textarea cols=\"40\"  minlength=\"0\"  rows=\"5\" tabindex=\"\" id=\"message\" name=\"message\" class=\"fusion-form-input\" data-holds-private-data=\"false\"><\/textarea><\/div><div class=\"fusion-form-field fusion-form-honeypot-field fusion-form-label-above\" style=\"\" data-form-id=\"2713\"><input type=\"hidden\" tabindex=\"-1\" name=\"hypot_field\" class=\"fusion-form-input\" autocomplete=\"hypot-69f2b22d056ea\" aria-hidden=\"true\" data-fusion-is-honeypot=\"true\"><\/div><div class=\"fusion-form-field fusion-form-submit-field fusion-form-label-above\" style=\"\" data-form-id=\"2713\"><div ><button type=\"submit\" class=\"fusion-button button-flat fusion-button-default-size button-default fusion-button-default button-1 fusion-button-default-span  form-form-submit button-default\" style=\"--button-border-radius-top-left:20px;--button-border-radius-bottom-right:20px;\" data-form-number=\"2713\" tabindex=\"\"><span class=\"fusion-button-text\">Send<\/span><\/button><\/div><\/div><\/div><\/div><div class=\"fusion-layout-column fusion_builder_column fusion-builder-column-7 fusion_builder_column_1_1 1_1 fusion-flex-column\" style=\"--awb-bg-size:cover;--awb-width-large:100%;--awb-margin-top-large:10px;--awb-spacing-right-large:0%;--awb-margin-bottom-large:0px;--awb-spacing-left-large:0%;--awb-width-medium:100%;--awb-order-medium:0;--awb-spacing-right-medium:0%;--awb-spacing-left-medium:0%;--awb-width-small:100%;--awb-order-small:0;--awb-spacing-right-small:0%;--awb-spacing-left-small:0%;\"><div class=\"fusion-column-wrapper fusion-column-has-shadow fusion-flex-justify-content-flex-start fusion-content-layout-column\"><div class=\"form-submission-notices data-notice_1\" id=\"fusion-notices-1\"><div class=\"fusion-alert alert success alert-success fusion-alert-center fusion-form-response fusion-form-response-success fusion-alert-capitalize awb-alert-native-link-color alert-dismissable awb-alert-close-boxed\" role=\"alert\"><div class=\"fusion-alert-content-wrapper\"><span class=\"alert-icon\"><i class=\"awb-icon-check-circle\" aria-hidden=\"true\"><\/i><\/span><span class=\"fusion-alert-content\">Mesaj\u0131n i\u00e7in te\u015fekk\u00fcrler. G\u00f6nderildi.<\/span><\/div><button type=\"button\" class=\"close toggle-alert\" data-dismiss=\"alert\" aria-label=\"Close\">&times;<\/button><\/div><div class=\"fusion-alert alert error alert-danger fusion-alert-center fusion-form-response fusion-form-response-error fusion-alert-capitalize awb-alert-native-link-color alert-dismissable awb-alert-close-boxed\" role=\"alert\"><div class=\"fusion-alert-content-wrapper\"><span class=\"alert-icon\"><i class=\"awb-icon-exclamation-triangle\" aria-hidden=\"true\"><\/i><\/span><span class=\"fusion-alert-content\">Mesaj\u0131n\u0131z g\u00f6nderilmeye \u00e7al\u0131\u015f\u0131l\u0131rken bir hata olu\u015ftu. L\u00fctfen daha sonra tekrar deneyiniz.<\/span><\/div><button type=\"button\" class=\"close toggle-alert\" data-dismiss=\"alert\" aria-label=\"Close\">&times;<\/button><\/div><\/div><\/div><\/div><\/div><\/div><\/form><\/div><\/div><\/div><\/div><\/div><\/p>\n","protected":false},"excerpt":{"rendered":"","protected":false},"author":3,"featured_media":0,"parent":0,"menu_order":0,"comment_status":"closed","ping_status":"closed","template":"100-width.php","meta":{"footnotes":""},"class_list":["post-2613","page","type-page","status-publish","hentry"],"yoast_head":"<!-- This site is optimized with the Yoast SEO plugin v22.4 - https:\/\/yoast.com\/wordpress\/plugins\/seo\/ -->\n<title>Catalog - Turna Ya\u011f<\/title>\n<meta name=\"description\" content=\"Zeytinya\u011f\u0131, ay\u00e7i\u00e7ek ya\u011f\u0131, pamuk ya\u011f\u0131, kar\u0131\u015f\u0131m ya\u011f, kanola ya\u011f\u0131, end\u00fcstriyel ya\u011flar ve pastac\u0131l\u0131k \u00fcr\u00fcnleri..\" \/>\n<meta name=\"robots\" content=\"index, follow, max-snippet:-1, max-image-preview:large, max-video-preview:-1\" \/>\n<link rel=\"canonical\" href=\"https:\/\/turna.com.tr\/en\/catalog\/\" \/>\n<meta property=\"og:locale\" content=\"en_US\" \/>\n<meta property=\"og:type\" content=\"article\" \/>\n<meta property=\"og:title\" content=\"Catalog - Turna Ya\u011f\" \/>\n<meta property=\"og:description\" content=\"Zeytinya\u011f\u0131, ay\u00e7i\u00e7ek ya\u011f\u0131, pamuk ya\u011f\u0131, kar\u0131\u015f\u0131m ya\u011f, kanola ya\u011f\u0131, end\u00fcstriyel ya\u011flar ve pastac\u0131l\u0131k \u00fcr\u00fcnleri..\" \/>\n<meta property=\"og:url\" content=\"https:\/\/turna.com.tr\/en\/catalog\/\" \/>\n<meta property=\"og:site_name\" content=\"Turna Ya\u011f\" \/>\n<meta property=\"article:publisher\" content=\"https:\/\/www.facebook.com\/turnayaglari\" \/>\n<meta property=\"article:modified_time\" content=\"2024-07-27T19:10:35+00:00\" \/>\n<meta property=\"og:image\" content=\"https:\/\/turna.com.tr\/wp-content\/uploads\/2024\/02\/turnayag-yesil-logo.png\" \/>\n\t<meta property=\"og:image:width\" content=\"1080\" \/>\n\t<meta property=\"og:image:height\" content=\"1080\" \/>\n\t<meta property=\"og:image:type\" content=\"image\/png\" \/>\n<meta name=\"twitter:card\" content=\"summary_large_image\" \/>\n<meta name=\"twitter:site\" content=\"@turnayaglari\" \/>\n<meta name=\"twitter:label1\" content=\"Est. reading time\" \/>\n\t<meta name=\"twitter:data1\" content=\"1 minute\" \/>\n<script type=\"application\/ld+json\" class=\"yoast-schema-graph\">{\"@context\":\"https:\/\/schema.org\",\"@graph\":[{\"@type\":\"WebPage\",\"@id\":\"https:\/\/turna.com.tr\/en\/catalog\/\",\"url\":\"https:\/\/turna.com.tr\/en\/catalog\/\",\"name\":\"Catalog - Turna Ya\u011f\",\"isPartOf\":{\"@id\":\"https:\/\/turna.com.tr\/en\/#website\"},\"datePublished\":\"2024-01-24T13:04:53+00:00\",\"dateModified\":\"2024-07-27T19:10:35+00:00\",\"description\":\"Zeytinya\u011f\u0131, ay\u00e7i\u00e7ek ya\u011f\u0131, pamuk ya\u011f\u0131, kar\u0131\u015f\u0131m ya\u011f, kanola ya\u011f\u0131, end\u00fcstriyel ya\u011flar ve pastac\u0131l\u0131k \u00fcr\u00fcnleri..\",\"breadcrumb\":{\"@id\":\"https:\/\/turna.com.tr\/en\/catalog\/#breadcrumb\"},\"inLanguage\":\"en-US\",\"potentialAction\":[{\"@type\":\"ReadAction\",\"target\":[\"https:\/\/turna.com.tr\/en\/catalog\/\"]}]},{\"@type\":\"BreadcrumbList\",\"@id\":\"https:\/\/turna.com.tr\/en\/catalog\/#breadcrumb\",\"itemListElement\":[{\"@type\":\"ListItem\",\"position\":1,\"name\":\"Anasayfa\",\"item\":\"https:\/\/turna.com.tr\/en\/\"},{\"@type\":\"ListItem\",\"position\":2,\"name\":\"Catalog\"}]},{\"@type\":\"WebSite\",\"@id\":\"https:\/\/turna.com.tr\/en\/#website\",\"url\":\"https:\/\/turna.com.tr\/en\/\",\"name\":\"Turna Ya\u011f - SAYINLAR A.\u015e.\",\"description\":\"Turna Ya\u011f - SAYINLAR A.\u015e.\",\"publisher\":{\"@id\":\"https:\/\/turna.com.tr\/en\/#organization\"},\"alternateName\":\"TURNA YA\u011e - SAYINLAR A.\u015e.\",\"potentialAction\":[{\"@type\":\"SearchAction\",\"target\":{\"@type\":\"EntryPoint\",\"urlTemplate\":\"https:\/\/turna.com.tr\/en\/?s={search_term_string}\"},\"query-input\":\"required name=search_term_string\"}],\"inLanguage\":\"en-US\"},{\"@type\":\"Organization\",\"@id\":\"https:\/\/turna.com.tr\/en\/#organization\",\"name\":\"Turna Ya\u011f - SAYINLAR A.\u015e.\",\"url\":\"https:\/\/turna.com.tr\/en\/\",\"logo\":{\"@type\":\"ImageObject\",\"inLanguage\":\"en-US\",\"@id\":\"https:\/\/turna.com.tr\/en\/#\/schema\/logo\/image\/\",\"url\":\"https:\/\/turna.com.tr\/wp-content\/uploads\/2024\/02\/turnayag-yesil-logo.png\",\"contentUrl\":\"https:\/\/turna.com.tr\/wp-content\/uploads\/2024\/02\/turnayag-yesil-logo.png\",\"width\":1080,\"height\":1080,\"caption\":\"Turna Ya\u011f - SAYINLAR A.\u015e.\"},\"image\":{\"@id\":\"https:\/\/turna.com.tr\/en\/#\/schema\/logo\/image\/\"},\"sameAs\":[\"https:\/\/www.facebook.com\/turnayaglari\",\"https:\/\/twitter.com\/turnayaglari\",\"https:\/\/www.instagram.com\/turnayaglari\/\",\"https:\/\/www.linkedin.com\/company\/sayinlargida\/\"]}]}<\/script>\n<!-- \/ Yoast SEO plugin. -->","yoast_head_json":{"title":"Catalog - Turna Ya\u011f","description":"Zeytinya\u011f\u0131, ay\u00e7i\u00e7ek ya\u011f\u0131, pamuk ya\u011f\u0131, kar\u0131\u015f\u0131m ya\u011f, kanola ya\u011f\u0131, end\u00fcstriyel ya\u011flar ve pastac\u0131l\u0131k \u00fcr\u00fcnleri..","robots":{"index":"index","follow":"follow","max-snippet":"max-snippet:-1","max-image-preview":"max-image-preview:large","max-video-preview":"max-video-preview:-1"},"canonical":"https:\/\/turna.com.tr\/en\/catalog\/","og_locale":"en_US","og_type":"article","og_title":"Catalog - Turna Ya\u011f","og_description":"Zeytinya\u011f\u0131, ay\u00e7i\u00e7ek ya\u011f\u0131, pamuk ya\u011f\u0131, kar\u0131\u015f\u0131m ya\u011f, kanola ya\u011f\u0131, end\u00fcstriyel ya\u011flar ve pastac\u0131l\u0131k \u00fcr\u00fcnleri..","og_url":"https:\/\/turna.com.tr\/en\/catalog\/","og_site_name":"Turna Ya\u011f","article_publisher":"https:\/\/www.facebook.com\/turnayaglari","article_modified_time":"2024-07-27T19:10:35+00:00","og_image":[{"width":1080,"height":1080,"url":"https:\/\/turna.com.tr\/wp-content\/uploads\/2024\/02\/turnayag-yesil-logo.png","type":"image\/png"}],"twitter_card":"summary_large_image","twitter_site":"@turnayaglari","twitter_misc":{"Est. reading time":"1 minute"},"schema":{"@context":"https:\/\/schema.org","@graph":[{"@type":"WebPage","@id":"https:\/\/turna.com.tr\/en\/catalog\/","url":"https:\/\/turna.com.tr\/en\/catalog\/","name":"Catalog - Turna Ya\u011f","isPartOf":{"@id":"https:\/\/turna.com.tr\/en\/#website"},"datePublished":"2024-01-24T13:04:53+00:00","dateModified":"2024-07-27T19:10:35+00:00","description":"Zeytinya\u011f\u0131, ay\u00e7i\u00e7ek ya\u011f\u0131, pamuk ya\u011f\u0131, kar\u0131\u015f\u0131m ya\u011f, kanola ya\u011f\u0131, end\u00fcstriyel ya\u011flar ve pastac\u0131l\u0131k \u00fcr\u00fcnleri..","breadcrumb":{"@id":"https:\/\/turna.com.tr\/en\/catalog\/#breadcrumb"},"inLanguage":"en-US","potentialAction":[{"@type":"ReadAction","target":["https:\/\/turna.com.tr\/en\/catalog\/"]}]},{"@type":"BreadcrumbList","@id":"https:\/\/turna.com.tr\/en\/catalog\/#breadcrumb","itemListElement":[{"@type":"ListItem","position":1,"name":"Anasayfa","item":"https:\/\/turna.com.tr\/en\/"},{"@type":"ListItem","position":2,"name":"Catalog"}]},{"@type":"WebSite","@id":"https:\/\/turna.com.tr\/en\/#website","url":"https:\/\/turna.com.tr\/en\/","name":"Turna Ya\u011f - SAYINLAR A.\u015e.","description":"Turna Ya\u011f - SAYINLAR A.\u015e.","publisher":{"@id":"https:\/\/turna.com.tr\/en\/#organization"},"alternateName":"TURNA YA\u011e - SAYINLAR A.\u015e.","potentialAction":[{"@type":"SearchAction","target":{"@type":"EntryPoint","urlTemplate":"https:\/\/turna.com.tr\/en\/?s={search_term_string}"},"query-input":"required name=search_term_string"}],"inLanguage":"en-US"},{"@type":"Organization","@id":"https:\/\/turna.com.tr\/en\/#organization","name":"Turna Ya\u011f - SAYINLAR A.\u015e.","url":"https:\/\/turna.com.tr\/en\/","logo":{"@type":"ImageObject","inLanguage":"en-US","@id":"https:\/\/turna.com.tr\/en\/#\/schema\/logo\/image\/","url":"https:\/\/turna.com.tr\/wp-content\/uploads\/2024\/02\/turnayag-yesil-logo.png","contentUrl":"https:\/\/turna.com.tr\/wp-content\/uploads\/2024\/02\/turnayag-yesil-logo.png","width":1080,"height":1080,"caption":"Turna Ya\u011f - SAYINLAR A.\u015e."},"image":{"@id":"https:\/\/turna.com.tr\/en\/#\/schema\/logo\/image\/"},"sameAs":["https:\/\/www.facebook.com\/turnayaglari","https:\/\/twitter.com\/turnayaglari","https:\/\/www.instagram.com\/turnayaglari\/","https:\/\/www.linkedin.com\/company\/sayinlargida\/"]}]}},"_links":{"self":[{"href":"https:\/\/turna.com.tr\/en\/wp-json\/wp\/v2\/pages\/2613","targetHints":{"allow":["GET"]}}],"collection":[{"href":"https:\/\/turna.com.tr\/en\/wp-json\/wp\/v2\/pages"}],"about":[{"href":"https:\/\/turna.com.tr\/en\/wp-json\/wp\/v2\/types\/page"}],"author":[{"embeddable":true,"href":"https:\/\/turna.com.tr\/en\/wp-json\/wp\/v2\/users\/3"}],"replies":[{"embeddable":true,"href":"https:\/\/turna.com.tr\/en\/wp-json\/wp\/v2\/comments?post=2613"}],"version-history":[{"count":2,"href":"https:\/\/turna.com.tr\/en\/wp-json\/wp\/v2\/pages\/2613\/revisions"}],"predecessor-version":[{"id":2720,"href":"https:\/\/turna.com.tr\/en\/wp-json\/wp\/v2\/pages\/2613\/revisions\/2720"}],"wp:attachment":[{"href":"https:\/\/turna.com.tr\/en\/wp-json\/wp\/v2\/media?parent=2613"}],"curies":[{"name":"wp","href":"https:\/\/api.w.org\/{rel}","templated":true}]}}